{"id":3934,"date":"2020-10-28T21:16:42","date_gmt":"2020-10-28T21:16:42","guid":{"rendered":"https:\/\/corsiprotezionecivile.it\/robertoluberti\/mesmerize\/"},"modified":"2025-12-21T09:33:39","modified_gmt":"2025-12-21T09:33:39","slug":"mesmerize","status":"publish","type":"page","link":"https:\/\/corsiprotezionecivile.it\/robertoluberti\/","title":{"rendered":"Front Page"},"content":{"rendered":"<div  data-label=\"About\" data-id=\"about--1\" data-export-id=\"about-10\" data-category=\"about\" class=\"about-10 content-section content-section-spacing\" id=\"about-1\" style=\"background-color: rgb(255, 255, 255); background-image: none;\"><div  class=\"gridContainer\"> <div  class=\"row middle-sm text-center\"><div  class=\"col-sm-5 space-bottom-xs content-column content-left-sm\" data-type=\"column\">  <h2  class=\"\">Benvenuti!<\/h2> <p  class=\"\">In questo sito vi presento i miei corsi di:<br ><br ><b >\u2013 formazione per la protezione civile<\/b> con corsi base, corsi specialistici ed addestramento pratico per le componenti volontarie, istituzionali e per gli amministratori pubblici;<br ><b >\u2013 formazione ed aggiornamento per la polizia locale <\/b>nell\u2019infortunistica stradale, nel supporto alla protezione civile, nelle tecniche operative e di tiro;<br ><b >\u2013 addestramento alla difesa<\/b> nucleare biologica chimica e radiologica (CBRNe) e sui trasporti di materiali pericolosi (ADR), per tutti gli enti coinvolti nella protezione e difesa civile.\n<br ><br >Sono disponibile anche per l\u2019organizzazione di singoli eventi formativi, giornate di studio, seminari e convegni rivolti alle organizzazioni di volontariato ed alle istituzioni.<\/p> <a  class=\"button color1\" href=\"https:\/\/corsiprotezionecivile.it\/robertoluberti\/about\" target=\"_self\" data-cp-link=\"1\" rel=\"noopener noreferrer\">Informazioni sul docente<\/a><\/div> <div  class=\"col-sm-7 flexbox middle-xs center-xs space-bottom-xs\"><div  class=\"overlay-box middle-xs center-xs flexbox\"> <div  class=\"overlay-box-offset offset-border shadow-medium border-color1 hide-xs\"><\/div> <img decoding=\"async\"  class=\"shadow-large\" data-size=\"485x705\" src=\"https:\/\/corsiprotezionecivile.it\/robertoluberti\/wp-content\/uploads\/cropped-Roberto-Luberti-2.jpg\" alt=\"\" title=\"cropped-Roberto-Luberti-2.jpg\"><\/div> <\/div><\/div> <\/div><\/div><div  data-label=\"I corsi\" data-id=\"features--1\" data-export-id=\"features-16-card-bordered\" data-category=\"features\" class=\"features-16-card-bordered content-section content-section-spacing\" id=\"i-corsi\" style=\"background-color: rgb(245, 250, 253); background-image: none;\"><div  class=\"gridContainer\"> <div  class=\"row text-center\"><div  class=\"section-title-col\" data-type=\"column\"> <h2  class=\"\">Scopri le offerte formative<\/h2> <\/div> <\/div> <div  class=\"row spaced-cols center-sm\" data-type=\"row\"> <div  class=\"col-xs-12 col-sm-6 col-md-4\"> <div  class=\"card no-padding bordered y-move\"> <img decoding=\"async\"  class=\"face\" src=\"https:\/\/corsiprotezionecivile.it\/robertoluberti\/wp-content\/uploads\/cropped-sae-112-base-1.jpg\" alt=\"\" title=\"cropped-sae-112-base-1.jpg\"> <div  data-type=\"column\" class=\"col-padding-small col-padding-small-xs description-container\"> <h4  class=\"font-500\"><b >Corsi per la Protezione Civile<\/b><\/h4> <p  class=\"\">La formazione \u00e8 fondamentale per permettere a qualunque operatore di effettuare la propria opera in maniera efficace, efficiente, e soprattutto sicura, per se e per le persone che gli vengono affidate.<\/p><\/div> <div  data-type=\"column\" class=\"col-padding-small col-padding-small-xs read-more-container\"><a  class=\"read-more\" href=\"https:\/\/corsiprotezionecivile.it\/robertoluberti\/corsi\/corsi-di-protezione-civile\" target=\"_self\" data-cp-link=\"1\" rel=\"noopener noreferrer\">Vai ai corsi<\/a><\/div> <\/div><\/div> <div  class=\"col-xs-12 col-sm-6 col-md-4\"><div  class=\"card no-padding bordered y-move\"> <img decoding=\"async\"  class=\"face\" src=\"https:\/\/corsiprotezionecivile.it\/robertoluberti\/wp-content\/uploads\/cropped-vigili-duomo-1.jpg\" alt=\"\" title=\"cropped-vigili-duomo-1.jpg\"> <div  data-type=\"column\" class=\"col-padding-small col-padding-small-xs description-container\"> <h4  class=\"font-500\"><b >Corsi per la Polizia Locale<\/b><\/h4> <p  class=\"\">Formazione specifica attraverso corsi di formazione sulle tecniche operative, sul rilievo dell\u2019incidente stradale, sul comportamento da tenere in caso di incidente a trasporto di materiali pericolosi (ADR), sul riconoscimento di ordigni esplosivi, e molto altro.<\/p><\/div> <div  data-type=\"column\" class=\"col-padding-small col-padding-small-xs read-more-container\"><a  class=\"read-more\" href=\"https:\/\/corsiprotezionecivile.it\/robertoluberti\/corsi\/corsi-polizia-locale-comunale-vigili\" target=\"_self\" data-cp-link=\"1\" rel=\"noopener noreferrer\">Vai ai corsi<\/a><\/div> <\/div><\/div> <div  class=\"col-xs-12 col-sm-6 col-md-4\"><div  class=\"card no-padding bordered y-move\"> <img decoding=\"async\"  class=\"face\" src=\"https:\/\/corsiprotezionecivile.it\/robertoluberti\/wp-content\/uploads\/cropped-nbc-sae-112-per-sito.jpg\" alt=\"\" title=\"cropped-nbc-sae-112-per-sito.jpg\"> <div  data-type=\"column\" class=\"col-padding-small col-padding-small-xs description-container\"> <h4  class=\"font-500\"><b >Incontri, seminari, giornate studio<\/b><\/h4> <p  class=\"\">A richiesta possono essere organizzati incontri su qualunque argomento inerente la Protezione Civile, il soccorso, la Polizia Locale e la PA in generale. In base alle esigenze del committente, gli incontri possono avere la di un giorno od anche di una sola serata.<\/p><\/div> <div  data-type=\"column\" class=\"col-padding-small col-padding-small-xs read-more-container\"><a  class=\"read-more\" href=\"https:\/\/corsiprotezionecivile.it\/robertoluberti\/corsi\/incontri-e-seminari\" target=\"_self\" data-cp-link=\"1\" rel=\"noopener noreferrer\">Vai ai corsi<\/a><\/div> <\/div><\/div> <\/div><\/div> <\/div><div  id=\"contattami\" data-label=\"Contattami\" data-id=\"cta-blue-section\" data-export-id=\"cta-blue-section\" data-category=\"cta\" class=\"cta-blue-section content-section content-section-spacing-medium bg-color1 white-text\" style=\"background-image: none; background-color: rgb(3, 169, 244);\"><div  class=\"gridContainer\"> <div  class=\"row middle-xs\"><div  class=\"col-sm-8 space-bottom-xs\" data-type=\"column\"> <h2  class=\"\">Sei interessato a un corso od un evento? Contattami subito!<\/h2> <\/div> <div  class=\"col-sm-4 end-sm\" data-type=\"column\"> <a  class=\"button color2\" href=\"https:\/\/corsiprotezionecivile.it\/robertoluberti\/info-contatti\" target=\"_self\" data-cp-link=\"1\" rel=\"noopener noreferrer\">Contattami subito<\/a><\/div> <\/div><\/div> <\/div><div  id=\"latest-news-1\" style=\"background-color: rgb(255, 255, 255); background-image: none;\" data-label=\"Latest-news\" data-id=\"blog-section\" data-export-id=\"blog-section\" data-category=\"latest_news\" class=\"blog-section blog-section-standard content-section content-section-spacing\"><div  class=\"gridContainer\"> <div  class=\"row\"><div  data-type=\"column\" class=\"section-title-col\"> <h2  class=\"\">Ultime notizie<\/h2> <p  class=\"lead\">Ultime novit\u00e0 \u2026<\/p><\/div> <\/div> <div  class=\"row\"> <div  data-type=\"row\" data-dynamic-columns=\"handled\" data-content-shortcode=\"mesmerize_latest_news\">        <div class=\"row center-sm content-left-sm\">\n                    <div id=\"post-6797\" class=\"col-sm-6 col-md-4 space-bottom space-bottom-xs\">\n                <div class=\"post-content card y-move bordered\">\n                    <div class=\"post-thumbnail\">\n   <a href=\"https:\/\/corsiprotezionecivile.it\/robertoluberti\/2026\/04\/08\/croce-rossa-italiana-modulo-certificazione-sicurezza-acquatica\/\" class=\"post-list-item-thumb \">\n      <img loading=\"lazy\" decoding=\"async\" width=\"1024\" height=\"724\" src=\"https:\/\/corsiprotezionecivile.it\/robertoluberti\/wp-content\/uploads\/2026\/04\/CRI-Sicurezza-acquatica-1024x724.jpg\" class=\"attachment-post-thumbnail size-post-thumbnail wp-post-image\" alt=\"\" srcset=\"https:\/\/corsiprotezionecivile.it\/robertoluberti\/wp-content\/uploads\/2026\/04\/CRI-Sicurezza-acquatica-1024x724.jpg 1024w, https:\/\/corsiprotezionecivile.it\/robertoluberti\/wp-content\/uploads\/2026\/04\/CRI-Sicurezza-acquatica-300x212.jpg 300w, https:\/\/corsiprotezionecivile.it\/robertoluberti\/wp-content\/uploads\/2026\/04\/CRI-Sicurezza-acquatica-768x543.jpg 768w, https:\/\/corsiprotezionecivile.it\/robertoluberti\/wp-content\/uploads\/2026\/04\/CRI-Sicurezza-acquatica-1536x1087.jpg 1536w, https:\/\/corsiprotezionecivile.it\/robertoluberti\/wp-content\/uploads\/2026\/04\/CRI-Sicurezza-acquatica-1527x1080.jpg 1527w, https:\/\/corsiprotezionecivile.it\/robertoluberti\/wp-content\/uploads\/2026\/04\/CRI-Sicurezza-acquatica.jpg 1753w\" sizes=\"auto, (max-width: 1024px) 100vw, 1024px\" \/>   <\/a>\n<\/div>\n                    <div class=\"col-padding col-padding-xs\">\n                        <h3 class=\"post-title space-bottom-small\">\n                            <a href=\"https:\/\/corsiprotezionecivile.it\/robertoluberti\/2026\/04\/08\/croce-rossa-italiana-modulo-certificazione-sicurezza-acquatica\/\" rel=\"bookmark\">\n                                Croce Rossa Italiana &#8211; Modulo Certificazione Sicurezza Acquatica                            <\/a>\n                        <\/h3>\n                        <p>Modulo Certificazione Sicurezza Acquatica LOM\/2025\/CSA\/11031. Corso teorico pratico di tecniche di salvamento per operatori dell\u2019emergenza e di protezione civile L&#8217;addestramento in vasca \u00e8 fondamentale per chi deve soccorrere in ambienti[&hellip;]<\/p>\n                        <a class=\"read-more link\" href=\"https:\/\/corsiprotezionecivile.it\/robertoluberti\/2026\/04\/08\/croce-rossa-italiana-modulo-certificazione-sicurezza-acquatica\/\">\n                            Read more                        <\/a>\n                    <\/div>\n                <\/div>\n            <\/div>\n                    <div id=\"post-6683\" class=\"col-sm-6 col-md-4 space-bottom space-bottom-xs\">\n                <div class=\"post-content card y-move bordered\">\n                    <div class=\"post-thumbnail\">\n   <a href=\"https:\/\/corsiprotezionecivile.it\/robertoluberti\/2025\/10\/17\/eventi-cbrne-chemicals\/\" class=\"post-list-item-thumb \">\n      <img loading=\"lazy\" decoding=\"async\" width=\"1024\" height=\"575\" src=\"https:\/\/corsiprotezionecivile.it\/robertoluberti\/wp-content\/uploads\/2025\/10\/Immagine-2025-11-24-130525-1024x575.jpg\" class=\"attachment-post-thumbnail size-post-thumbnail wp-post-image\" alt=\"\" srcset=\"https:\/\/corsiprotezionecivile.it\/robertoluberti\/wp-content\/uploads\/2025\/10\/Immagine-2025-11-24-130525-1024x575.jpg 1024w, https:\/\/corsiprotezionecivile.it\/robertoluberti\/wp-content\/uploads\/2025\/10\/Immagine-2025-11-24-130525-300x169.jpg 300w, https:\/\/corsiprotezionecivile.it\/robertoluberti\/wp-content\/uploads\/2025\/10\/Immagine-2025-11-24-130525-768x431.jpg 768w, https:\/\/corsiprotezionecivile.it\/robertoluberti\/wp-content\/uploads\/2025\/10\/Immagine-2025-11-24-130525.jpg 1127w\" sizes=\"auto, (max-width: 1024px) 100vw, 1024px\" \/>   <\/a>\n<\/div>\n                    <div class=\"col-padding col-padding-xs\">\n                        <h3 class=\"post-title space-bottom-small\">\n                            <a href=\"https:\/\/corsiprotezionecivile.it\/robertoluberti\/2025\/10\/17\/eventi-cbrne-chemicals\/\" rel=\"bookmark\">\n                                Eventi CBRNe: Chemicals                            <\/a>\n                        <\/h3>\n                        <p>Convegno all&#8217;ospedale Papa Giovanni XXIII di Bergamo La cooperazione a favore della sicurezza della popolazione in caso di evento terroristico con uso di aggressivi chimici<\/p>\n                        <a class=\"read-more link\" href=\"https:\/\/corsiprotezionecivile.it\/robertoluberti\/2025\/10\/17\/eventi-cbrne-chemicals\/\">\n                            Read more                        <\/a>\n                    <\/div>\n                <\/div>\n            <\/div>\n                    <div id=\"post-6679\" class=\"col-sm-6 col-md-4 space-bottom space-bottom-xs\">\n                <div class=\"post-content card y-move bordered\">\n                    <div class=\"post-thumbnail\">\n   <a href=\"https:\/\/corsiprotezionecivile.it\/robertoluberti\/2025\/10\/15\/meeting-p-o-n-t-e-sae-112\/\" class=\"post-list-item-thumb \">\n      <img loading=\"lazy\" decoding=\"async\" width=\"1024\" height=\"1433\" src=\"https:\/\/corsiprotezionecivile.it\/robertoluberti\/wp-content\/uploads\/2025\/10\/Volantino-ponte-1024x1433.jpeg\" class=\"attachment-post-thumbnail size-post-thumbnail wp-post-image\" alt=\"\" srcset=\"https:\/\/corsiprotezionecivile.it\/robertoluberti\/wp-content\/uploads\/2025\/10\/Volantino-ponte-1024x1433.jpeg 1024w, https:\/\/corsiprotezionecivile.it\/robertoluberti\/wp-content\/uploads\/2025\/10\/Volantino-ponte-214x300.jpeg 214w, https:\/\/corsiprotezionecivile.it\/robertoluberti\/wp-content\/uploads\/2025\/10\/Volantino-ponte-732x1024.jpeg 732w, https:\/\/corsiprotezionecivile.it\/robertoluberti\/wp-content\/uploads\/2025\/10\/Volantino-ponte-768x1075.jpeg 768w, https:\/\/corsiprotezionecivile.it\/robertoluberti\/wp-content\/uploads\/2025\/10\/Volantino-ponte-1097x1536.jpeg 1097w, https:\/\/corsiprotezionecivile.it\/robertoluberti\/wp-content\/uploads\/2025\/10\/Volantino-ponte-772x1080.jpeg 772w, https:\/\/corsiprotezionecivile.it\/robertoluberti\/wp-content\/uploads\/2025\/10\/Volantino-ponte.jpeg 1143w\" sizes=\"auto, (max-width: 1024px) 100vw, 1024px\" \/>   <\/a>\n<\/div>\n                    <div class=\"col-padding col-padding-xs\">\n                        <h3 class=\"post-title space-bottom-small\">\n                            <a href=\"https:\/\/corsiprotezionecivile.it\/robertoluberti\/2025\/10\/15\/meeting-p-o-n-t-e-sae-112\/\" rel=\"bookmark\">\n                                Meeting P.O.N.T.E. SAE 112                            <\/a>\n                        <\/h3>\n                        <p>TECNOLOGIE AL SERVIZIO DELLE EMERGENZE Sabato 18 Ottobre presso la sede di SAE112 in Via Perrotta a Termoli (CB), la prima edizione di un evento unico nel centro-sud Italia: una[&hellip;]<\/p>\n                        <a class=\"read-more link\" href=\"https:\/\/corsiprotezionecivile.it\/robertoluberti\/2025\/10\/15\/meeting-p-o-n-t-e-sae-112\/\">\n                            Read more                        <\/a>\n                    <\/div>\n                <\/div>\n            <\/div>\n            <\/div>\n    <\/div><\/div> <div  class=\"row\"><div  class=\"text-center\"> <a  class=\"button color1\" data-attr-shortcode=\"href:mesmerize_blog_link\" href=\"https:\/\/corsiprotezionecivile.it\/robertoluberti\/blog\/\">Tutti gli articoli<\/a><\/div> <\/div><\/div><\/div><div  data-label=\"se pensi\" data-id=\"features--2\" data-export-id=\"features-16\" data-category=\"features\" class=\"features-16 content-section content-section-spacing\" id=\"se-pensi\" style=\"background-color: rgb(255, 255, 255);\"><div  class=\"gridContainer\"> <div  class=\"row text-center\"><div  class=\"section-title-col\" data-type=\"column\"> <h2  class=\"\">Se pensi che un professionista costi troppo, \u00e8 perch\u00e9 non sai quanto ti coster\u00e0 alla fine un incompetente!<\/h2> <\/div> <\/div> <div  class=\"row spaced-cols center-sm content-center-sm\" data-type=\"row\">  <div  class=\"col-xs-12 col-sm-6 col-md-4 space-bottom\"> <img decoding=\"async\"  class=\"face\" src=\"https:\/\/corsiprotezionecivile.it\/robertoluberti\/wp-content\/uploads\/roberto_antigas.jpg\" alt=\"\" title=\"roberto_antigas\"> <div  data-type=\"column\" class=\"col-padding-small col-padding-small-xs description-container\">   <\/div> <\/div> <div  class=\"col-xs-12 col-sm-6 col-md-4 space-bottom\"> <img decoding=\"async\"  class=\"face\" src=\"https:\/\/corsiprotezionecivile.it\/robertoluberti\/wp-content\/uploads\/2021\/11\/cropped-cri-1.jpg\" alt=\"\" title=\"cropped-cri-1.jpg\"> <div  data-type=\"column\" class=\"col-padding-small col-padding-small-xs description-container\">   <\/div> <\/div><div  class=\"col-xs-12 col-sm-6 col-md-4 space-bottom\"> <img decoding=\"async\"  class=\"face\" src=\"https:\/\/corsiprotezionecivile.it\/robertoluberti\/wp-content\/uploads\/2021\/11\/cropped-divisa-pc-2-2.jpg\" alt=\"\" title=\"cropped-divisa-pc-2-2.jpg\"> <div  data-type=\"column\" class=\"col-padding-small col-padding-small-xs description-container\">   <\/div> <\/div><div  class=\"col-xs-12 col-sm-6 col-md-4 space-bottom\"> <img decoding=\"async\"  class=\"face\" src=\"https:\/\/corsiprotezionecivile.it\/robertoluberti\/wp-content\/uploads\/2021\/11\/cropped-IMG_5471-1-2.jpg\" alt=\"\" title=\"cropped-IMG_5471-1-2.jpg\"> <div  data-type=\"column\" class=\"col-padding-small col-padding-small-xs description-container\">   <img decoding=\"async\"  class=\"custom-image\" src=\"https:\/\/corsiprotezionecivile.it\/robertoluberti\/wp-content\/uploads\/2021\/11\/cropped-IMG_20190706_173215_079.jpg\" alt=\"\" title=\"cropped-IMG_20190706_173215_079.jpg\"><img decoding=\"async\"  class=\"custom-image\" src=\"https:\/\/corsiprotezionecivile.it\/robertoluberti\/wp-content\/uploads\/2024\/03\/cropped-luberti-1.jpeg\" alt=\"\" title=\"cropped-luberti-1.jpeg\"><img decoding=\"async\"  class=\"custom-image\" src=\"https:\/\/corsiprotezionecivile.it\/robertoluberti\/wp-content\/uploads\/2024\/03\/cropped-medint-1-1.jpeg\" alt=\"\" title=\"cropped-medint-1-1.jpeg\"><img decoding=\"async\"  class=\"custom-image\" src=\"https:\/\/corsiprotezionecivile.it\/robertoluberti\/wp-content\/uploads\/2024\/08\/gabrielli.jpg\" alt=\"\" title=\"gabrielli\"><img decoding=\"async\"  class=\"custom-image\" src=\"#\"><\/div> <\/div><div  class=\"col-xs-12 col-sm-6 col-md-4 space-bottom\"> <img decoding=\"async\"  class=\"face\" src=\"https:\/\/corsiprotezionecivile.it\/robertoluberti\/wp-content\/uploads\/2021\/11\/cropped-divisa-ei-3.jpg\" alt=\"\" title=\"cropped-divisa-ei-3.jpg\"> <div  data-type=\"column\" class=\"col-padding-small col-padding-small-xs description-container\">   <img decoding=\"async\"  class=\"custom-image\" src=\"https:\/\/corsiprotezionecivile.it\/robertoluberti\/wp-content\/uploads\/2021\/11\/cropped-sindaci-6.jpg\" alt=\"\" title=\"cropped-sindaci-6.jpg\"><img decoding=\"async\"  class=\"custom-image\" src=\"https:\/\/corsiprotezionecivile.it\/robertoluberti\/wp-content\/uploads\/2024\/03\/cropped-luberti-3-1.jpeg\" alt=\"\" title=\"cropped-luberti-3-1.jpeg\"><img decoding=\"async\"  class=\"custom-image\" src=\"https:\/\/corsiprotezionecivile.it\/robertoluberti\/wp-content\/uploads\/2024\/03\/cropped-medint-3.jpeg\" alt=\"\" title=\"cropped-medint-3.jpeg\"><img decoding=\"async\"  class=\"custom-image\" src=\"https:\/\/corsiprotezionecivile.it\/robertoluberti\/wp-content\/uploads\/2024\/08\/caricatura_q.jpg\" alt=\"\" title=\"caricatura_q\"><\/div> <\/div><div  class=\"col-xs-12 col-sm-6 col-md-4 space-bottom\"> <img decoding=\"async\"  class=\"face\" src=\"https:\/\/corsiprotezionecivile.it\/robertoluberti\/wp-content\/uploads\/2021\/11\/cropped-divisa-pl-2-1.jpg\" alt=\"\" title=\"cropped-divisa-pl-2-1.jpg\"> <div  data-type=\"column\" class=\"col-padding-small col-padding-small-xs description-container\"><img decoding=\"async\"  class=\"custom-image\" src=\"https:\/\/corsiprotezionecivile.it\/robertoluberti\/wp-content\/uploads\/2021\/11\/cropped-sindaci-4-2.jpg\" alt=\"\" title=\"cropped-sindaci-4-2.jpg\">   <img decoding=\"async\"  class=\"custom-image\" src=\"https:\/\/corsiprotezionecivile.it\/robertoluberti\/wp-content\/uploads\/2024\/03\/cropped-luberti-convegno.jpeg\" alt=\"\" title=\"cropped-luberti-convegno.jpeg\"><img decoding=\"async\"  class=\"custom-image\" src=\"https:\/\/corsiprotezionecivile.it\/robertoluberti\/wp-content\/uploads\/2024\/03\/cropped-IMG-20240312-WA0012-2.jpg\" alt=\"\" title=\"cropped-IMG-20240312-WA0012-2.jpg\"><img decoding=\"async\"  class=\"custom-image\" src=\"https:\/\/corsiprotezionecivile.it\/robertoluberti\/wp-content\/uploads\/2024\/08\/cropped-caricatura_1_q.jpg\" alt=\"\" title=\"cropped-caricatura_1_q.jpg\"><\/div> <\/div><\/div> <\/div><\/div><div  data-label=\"inserzione 1\" data-id=\"content--2\" data-export-id=\"content-8\" data-category=\"content\" class=\"content-8 content-section content-section-spacing\" id=\"inserzione-1\" style=\"background-color: rgb(245, 250, 253);\"><div  class=\"gridContainer\"> <div  class=\"row middle-sm\"><div  class=\"col-sm-6 space-bottom-xs space-top-xs\" data-type=\"column\"> <img decoding=\"async\"  class=\"shadow-large\" src=\"https:\/\/corsiprotezionecivile.it\/robertoluberti\/wp-content\/uploads\/2023\/04\/SAE-5x1000-pxm-2-jpg.jpg\" alt=\"\" title=\"SAE 5x1000 pxm 2 jpg\"><\/div> <div  class=\"col-sm-6\" data-type=\"column\"><h2  class=\"\">5 x 1000 a SAE 112<\/h2> <p  class=\"\">Dona il tuo 5\u00d71000 a SAE 112! A te non costa nulla, per i nostri progetti significa molto!<br ><br >Indica il Codice Fiscale: 91041240705<\/p> <\/div> <\/div><\/div> <\/div>","protected":false},"excerpt":{"rendered":"<p>Benvenuti! In questo sito vi presento i miei corsi di:\u2013 formazione per la protezione civile con corsi base, corsi specialistici ed addestramento pratico per le componenti volontarie, istituzionali e per gli amministratori pubblici;\u2013 formazione ed aggiornamento per la polizia locale nell\u2019infortunistica stradale, nel supporto alla protezione civile, nelle tecniche operative e di tiro;\u2013 addestramento alla&hellip; <br \/> <a class=\"read-more\" href=\"https:\/\/corsiprotezionecivile.it\/robertoluberti\/2025\/10\/15\/meeting-p-o-n-t-e-sae-112\/\">Leggi tutto<\/a><\/p>\n","protected":false},"author":2,"featured_media":4106,"parent":0,"menu_order":0,"comment_status":"closed","ping_status":"closed","template":"","meta":{"footnotes":""},"class_list":["post-3934","page","type-page","status-publish","has-post-thumbnail","hentry"],"_links":{"self":[{"href":"https:\/\/corsiprotezionecivile.it\/robertoluberti\/wp-json\/wp\/v2\/pages\/3934","targetHints":{"allow":["GET"]}}],"collection":[{"href":"https:\/\/corsiprotezionecivile.it\/robertoluberti\/wp-json\/wp\/v2\/pages"}],"about":[{"href":"https:\/\/corsiprotezionecivile.it\/robertoluberti\/wp-json\/wp\/v2\/types\/page"}],"author":[{"embeddable":true,"href":"https:\/\/corsiprotezionecivile.it\/robertoluberti\/wp-json\/wp\/v2\/users\/2"}],"replies":[{"embeddable":true,"href":"https:\/\/corsiprotezionecivile.it\/robertoluberti\/wp-json\/wp\/v2\/comments?post=3934"}],"version-history":[{"count":117,"href":"https:\/\/corsiprotezionecivile.it\/robertoluberti\/wp-json\/wp\/v2\/pages\/3934\/revisions"}],"predecessor-version":[{"id":6787,"href":"https:\/\/corsiprotezionecivile.it\/robertoluberti\/wp-json\/wp\/v2\/pages\/3934\/revisions\/6787"}],"wp:featuredmedia":[{"embeddable":true,"href":"https:\/\/corsiprotezionecivile.it\/robertoluberti\/wp-json\/wp\/v2\/media\/4106"}],"wp:attachment":[{"href":"https:\/\/corsiprotezionecivile.it\/robertoluberti\/wp-json\/wp\/v2\/media?parent=3934"}],"curies":[{"name":"wp","href":"https:\/\/api.w.org\/{rel}","templated":true}]}}